{"id":2448,"date":"2025-12-01T17:24:15","date_gmt":"2025-12-01T20:24:15","guid":{"rendered":"https:\/\/www.iantaylor.com\/servicios-peru\/"},"modified":"2026-03-30T12:39:54","modified_gmt":"2026-03-30T15:39:54","slug":"servicios-peru","status":"publish","type":"page","link":"https:\/\/www.iantaylor.com\/en\/servicios-peru\/","title":{"rendered":"Servicios Per\u00fa"},"content":{"rendered":"","protected":false},"excerpt":{"rendered":"","protected":false},"author":1,"featured_media":0,"parent":0,"menu_order":0,"comment_status":"closed","ping_status":"closed","template":"templates\/template-landing.php","meta":{"_acf_changed":false,"inline_featured_image":false,"footnotes":""},"class_list":["post-2448","page","type-page","status-publish","hentry"],"acf":[],"yoast_head":"<!-- This site is optimized with the Yoast SEO plugin v25.5 - https:\/\/yoast.com\/wordpress\/plugins\/seo\/ -->\n<title>Servicios Per\u00fa -<\/title>\n<meta name=\"robots\" content=\"index, follow, max-snippet:-1, max-image-preview:large, max-video-preview:-1\" \/>\n<link rel=\"canonical\" href=\"https:\/\/www.iantaylor.com\/en\/servicios-peru\/\" \/>\n<meta property=\"og:locale\" content=\"en_US\" \/>\n<meta property=\"og:type\" content=\"article\" \/>\n<meta property=\"og:title\" content=\"Servicios Per\u00fa -\" \/>\n<meta property=\"og:url\" content=\"https:\/\/www.iantaylor.com\/en\/servicios-peru\/\" \/>\n<meta property=\"og:site_name\" content=\"Empresas Taylor\" \/>\n<meta property=\"article:modified_time\" content=\"2026-03-30T15:39:54+00:00\" \/>\n<meta name=\"twitter:card\" content=\"summary_large_image\" \/>\n<!-- \/ Yoast SEO plugin. -->","yoast_head_json":{"title":"Servicios Per\u00fa -","robots":{"index":"index","follow":"follow","max-snippet":"max-snippet:-1","max-image-preview":"max-image-preview:large","max-video-preview":"max-video-preview:-1"},"canonical":"https:\/\/www.iantaylor.com\/en\/servicios-peru\/","og_locale":"en_US","og_type":"article","og_title":"Servicios Per\u00fa -","og_url":"https:\/\/www.iantaylor.com\/en\/servicios-peru\/","og_site_name":"Empresas Taylor","article_modified_time":"2026-03-30T15:39:54+00:00","twitter_card":"summary_large_image","schema":{"@context":"https:\/\/schema.org","@graph":[{"@type":"WebPage","@id":"https:\/\/www.iantaylor.com\/en\/servicios-peru\/","url":"https:\/\/www.iantaylor.com\/en\/servicios-peru\/","name":"Servicios Per\u00fa -","isPartOf":{"@id":"https:\/\/www.iantaylor.com\/#website"},"datePublished":"2025-12-01T20:24:15+00:00","dateModified":"2026-03-30T15:39:54+00:00","breadcrumb":{"@id":"https:\/\/www.iantaylor.com\/en\/servicios-peru\/#breadcrumb"},"inLanguage":"en-US","potentialAction":[{"@type":"ReadAction","target":["https:\/\/www.iantaylor.com\/en\/servicios-peru\/"]}]},{"@type":"BreadcrumbList","@id":"https:\/\/www.iantaylor.com\/en\/servicios-peru\/#breadcrumb","itemListElement":[{"@type":"ListItem","position":1,"name":"Home","item":"https:\/\/www.iantaylor.com\/en\/"},{"@type":"ListItem","position":2,"name":"Servicios Per\u00fa"}]},{"@type":"WebSite","@id":"https:\/\/www.iantaylor.com\/#website","url":"https:\/\/www.iantaylor.com\/","name":"Ian Taylor","description":"Con m\u00e1s de medio siglo conectando la log\u00edstica mar\u00edtima con excelencia y experiencia","potentialAction":[{"@type":"SearchAction","target":{"@type":"EntryPoint","urlTemplate":"https:\/\/www.iantaylor.com\/?s={search_term_string}"},"query-input":{"@type":"PropertyValueSpecification","valueRequired":true,"valueName":"search_term_string"}}],"inLanguage":"en-US"}]}},"_links":{"self":[{"href":"https:\/\/www.iantaylor.com\/en\/wp-json\/wp\/v2\/pages\/2448","targetHints":{"allow":["GET"]}}],"collection":[{"href":"https:\/\/www.iantaylor.com\/en\/wp-json\/wp\/v2\/pages"}],"about":[{"href":"https:\/\/www.iantaylor.com\/en\/wp-json\/wp\/v2\/types\/page"}],"author":[{"embeddable":true,"href":"https:\/\/www.iantaylor.com\/en\/wp-json\/wp\/v2\/users\/1"}],"replies":[{"embeddable":true,"href":"https:\/\/www.iantaylor.com\/en\/wp-json\/wp\/v2\/comments?post=2448"}],"version-history":[{"count":11,"href":"https:\/\/www.iantaylor.com\/en\/wp-json\/wp\/v2\/pages\/2448\/revisions"}],"predecessor-version":[{"id":2931,"href":"https:\/\/www.iantaylor.com\/en\/wp-json\/wp\/v2\/pages\/2448\/revisions\/2931"}],"wp:attachment":[{"href":"https:\/\/www.iantaylor.com\/en\/wp-json\/wp\/v2\/media?parent=2448"}],"curies":[{"name":"wp","href":"https:\/\/api.w.org\/{rel}","templated":true}]}}