{"id":1650,"date":"2025-08-12T15:06:44","date_gmt":"2025-08-12T18:06:44","guid":{"rendered":"https:\/\/www.iantaylor.com\/?page_id=1650"},"modified":"2025-08-12T15:09:47","modified_gmt":"2025-08-12T18:09:47","slug":"pagina-en-construccion","status":"publish","type":"page","link":"https:\/\/www.iantaylor.com\/es\/pagina-en-construccion\/","title":{"rendered":"P\u00e1gina en construcci\u00f3n"},"content":{"rendered":"","protected":false},"excerpt":{"rendered":"","protected":false},"author":1,"featured_media":0,"parent":0,"menu_order":0,"comment_status":"closed","ping_status":"closed","template":"templates\/template-page-contruction.php","meta":{"_acf_changed":false,"inline_featured_image":false,"footnotes":""},"class_list":["post-1650","page","type-page","status-publish","hentry"],"acf":[],"yoast_head":"<!-- This site is optimized with the Yoast SEO plugin v25.5 - https:\/\/yoast.com\/wordpress\/plugins\/seo\/ -->\n<title>P\u00e1gina en construcci\u00f3n -<\/title>\n<meta name=\"robots\" content=\"noindex, follow\" \/>\n<meta property=\"og:locale\" content=\"es_ES\" \/>\n<meta property=\"og:type\" content=\"article\" \/>\n<meta property=\"og:title\" content=\"P\u00e1gina en construcci\u00f3n -\" \/>\n<meta property=\"og:url\" content=\"https:\/\/www.iantaylor.com\/es\/pagina-en-construccion\/\" \/>\n<meta property=\"og:site_name\" content=\"Empresas Taylor\" \/>\n<meta property=\"article:modified_time\" content=\"2025-08-12T18:09:47+00:00\" \/>\n<meta name=\"twitter:card\" content=\"summary_large_image\" \/>\n<!-- \/ Yoast SEO plugin. -->","yoast_head_json":{"title":"P\u00e1gina en construcci\u00f3n -","robots":{"index":"noindex","follow":"follow"},"og_locale":"es_ES","og_type":"article","og_title":"P\u00e1gina en construcci\u00f3n -","og_url":"https:\/\/www.iantaylor.com\/es\/pagina-en-construccion\/","og_site_name":"Empresas Taylor","article_modified_time":"2025-08-12T18:09:47+00:00","twitter_card":"summary_large_image","schema":{"@context":"https:\/\/schema.org","@graph":[{"@type":"WebPage","@id":"https:\/\/www.iantaylor.com\/es\/pagina-en-construccion\/","url":"https:\/\/www.iantaylor.com\/es\/pagina-en-construccion\/","name":"P\u00e1gina en construcci\u00f3n -","isPartOf":{"@id":"https:\/\/www.iantaylor.com\/es\/#website"},"datePublished":"2025-08-12T18:06:44+00:00","dateModified":"2025-08-12T18:09:47+00:00","breadcrumb":{"@id":"https:\/\/www.iantaylor.com\/es\/pagina-en-construccion\/#breadcrumb"},"inLanguage":"es","potentialAction":[{"@type":"ReadAction","target":["https:\/\/www.iantaylor.com\/es\/pagina-en-construccion\/"]}]},{"@type":"BreadcrumbList","@id":"https:\/\/www.iantaylor.com\/es\/pagina-en-construccion\/#breadcrumb","itemListElement":[{"@type":"ListItem","position":1,"name":"Home","item":"https:\/\/www.iantaylor.com\/es\/"},{"@type":"ListItem","position":2,"name":"P\u00e1gina en construcci\u00f3n"}]},{"@type":"WebSite","@id":"https:\/\/www.iantaylor.com\/es\/#website","url":"https:\/\/www.iantaylor.com\/es\/","name":"Ian Taylor","description":"Con m\u00e1s de medio siglo conectando la log\u00edstica mar\u00edtima con excelencia y experiencia","potentialAction":[{"@type":"SearchAction","target":{"@type":"EntryPoint","urlTemplate":"https:\/\/www.iantaylor.com\/es\/?s={search_term_string}"},"query-input":{"@type":"PropertyValueSpecification","valueRequired":true,"valueName":"search_term_string"}}],"inLanguage":"es"}]}},"_links":{"self":[{"href":"https:\/\/www.iantaylor.com\/es\/wp-json\/wp\/v2\/pages\/1650","targetHints":{"allow":["GET"]}}],"collection":[{"href":"https:\/\/www.iantaylor.com\/es\/wp-json\/wp\/v2\/pages"}],"about":[{"href":"https:\/\/www.iantaylor.com\/es\/wp-json\/wp\/v2\/types\/page"}],"author":[{"embeddable":true,"href":"https:\/\/www.iantaylor.com\/es\/wp-json\/wp\/v2\/users\/1"}],"replies":[{"embeddable":true,"href":"https:\/\/www.iantaylor.com\/es\/wp-json\/wp\/v2\/comments?post=1650"}],"version-history":[{"count":2,"href":"https:\/\/www.iantaylor.com\/es\/wp-json\/wp\/v2\/pages\/1650\/revisions"}],"predecessor-version":[{"id":1654,"href":"https:\/\/www.iantaylor.com\/es\/wp-json\/wp\/v2\/pages\/1650\/revisions\/1654"}],"wp:attachment":[{"href":"https:\/\/www.iantaylor.com\/es\/wp-json\/wp\/v2\/media?parent=1650"}],"curies":[{"name":"wp","href":"https:\/\/api.w.org\/{rel}","templated":true}]}}