{"id":17,"date":"2024-12-23T23:33:43","date_gmt":"2024-12-24T02:33:43","guid":{"rendered":"http:\/\/taylor.localhost\/?page_id=17"},"modified":"2025-05-19T13:41:41","modified_gmt":"2025-05-19T16:41:41","slug":"sala-de-prensa","status":"publish","type":"page","link":"https:\/\/www.iantaylor.com\/es\/sala-de-prensa\/","title":{"rendered":"Sala de Prensa"},"content":{"rendered":"","protected":false},"excerpt":{"rendered":"","protected":false},"author":1,"featured_media":517,"parent":0,"menu_order":0,"comment_status":"closed","ping_status":"closed","template":"templates\/template-press-room.php","meta":{"_acf_changed":false,"inline_featured_image":false,"footnotes":""},"class_list":["post-17","page","type-page","status-publish","has-post-thumbnail","hentry"],"acf":[],"yoast_head":"<!-- This site is optimized with the Yoast SEO plugin v25.5 - https:\/\/yoast.com\/wordpress\/plugins\/seo\/ -->\n<title>Sala de Prensa -<\/title>\n<meta name=\"robots\" content=\"index, follow, max-snippet:-1, max-image-preview:large, max-video-preview:-1\" \/>\n<link rel=\"canonical\" href=\"https:\/\/www.iantaylor.com\/sala-de-prensa\/\" \/>\n<meta property=\"og:locale\" content=\"es_ES\" \/>\n<meta property=\"og:type\" content=\"article\" \/>\n<meta property=\"og:title\" content=\"Sala de Prensa -\" \/>\n<meta property=\"og:url\" content=\"https:\/\/www.iantaylor.com\/sala-de-prensa\/\" \/>\n<meta property=\"og:site_name\" content=\"Empresas Taylor\" \/>\n<meta property=\"article:modified_time\" content=\"2025-05-19T16:41:41+00:00\" \/>\n<meta property=\"og:image\" content=\"https:\/\/www.iantaylor.com\/app\/uploads\/2025\/01\/b39ec66ef215d2247e53820cccc613d5.jpg\" \/>\n\t<meta property=\"og:image:width\" content=\"883\" \/>\n\t<meta property=\"og:image:height\" content=\"708\" \/>\n\t<meta property=\"og:image:type\" content=\"image\/jpeg\" \/>\n<meta name=\"twitter:card\" content=\"summary_large_image\" \/>\n<!-- \/ Yoast SEO plugin. -->","yoast_head_json":{"title":"Sala de Prensa -","robots":{"index":"index","follow":"follow","max-snippet":"max-snippet:-1","max-image-preview":"max-image-preview:large","max-video-preview":"max-video-preview:-1"},"canonical":"https:\/\/www.iantaylor.com\/sala-de-prensa\/","og_locale":"es_ES","og_type":"article","og_title":"Sala de Prensa -","og_url":"https:\/\/www.iantaylor.com\/sala-de-prensa\/","og_site_name":"Empresas Taylor","article_modified_time":"2025-05-19T16:41:41+00:00","og_image":[{"width":883,"height":708,"url":"https:\/\/www.iantaylor.com\/app\/uploads\/2025\/01\/b39ec66ef215d2247e53820cccc613d5.jpg","type":"image\/jpeg"}],"twitter_card":"summary_large_image","schema":{"@context":"https:\/\/schema.org","@graph":[{"@type":"WebPage","@id":"https:\/\/www.iantaylor.com\/sala-de-prensa\/","url":"https:\/\/www.iantaylor.com\/sala-de-prensa\/","name":"Sala de Prensa -","isPartOf":{"@id":"https:\/\/www.iantaylor.com\/#website"},"primaryImageOfPage":{"@id":"https:\/\/www.iantaylor.com\/sala-de-prensa\/#primaryimage"},"image":{"@id":"https:\/\/www.iantaylor.com\/sala-de-prensa\/#primaryimage"},"thumbnailUrl":"https:\/\/www.iantaylor.com\/app\/uploads\/2025\/01\/b39ec66ef215d2247e53820cccc613d5.jpg","datePublished":"2024-12-24T02:33:43+00:00","dateModified":"2025-05-19T16:41:41+00:00","breadcrumb":{"@id":"https:\/\/www.iantaylor.com\/sala-de-prensa\/#breadcrumb"},"inLanguage":"es","potentialAction":[{"@type":"ReadAction","target":["https:\/\/www.iantaylor.com\/sala-de-prensa\/"]}]},{"@type":"ImageObject","inLanguage":"es","@id":"https:\/\/www.iantaylor.com\/sala-de-prensa\/#primaryimage","url":"https:\/\/www.iantaylor.com\/app\/uploads\/2025\/01\/b39ec66ef215d2247e53820cccc613d5.jpg","contentUrl":"https:\/\/www.iantaylor.com\/app\/uploads\/2025\/01\/b39ec66ef215d2247e53820cccc613d5.jpg","width":883,"height":708},{"@type":"BreadcrumbList","@id":"https:\/\/www.iantaylor.com\/sala-de-prensa\/#breadcrumb","itemListElement":[{"@type":"ListItem","position":1,"name":"Home","item":"https:\/\/www.iantaylor.com\/"},{"@type":"ListItem","position":2,"name":"Sala de Prensa"}]},{"@type":"WebSite","@id":"https:\/\/www.iantaylor.com\/#website","url":"https:\/\/www.iantaylor.com\/","name":"Ian Taylor","description":"Con m\u00e1s de medio siglo conectando la log\u00edstica mar\u00edtima con excelencia y experiencia","potentialAction":[{"@type":"SearchAction","target":{"@type":"EntryPoint","urlTemplate":"https:\/\/www.iantaylor.com\/?s={search_term_string}"},"query-input":{"@type":"PropertyValueSpecification","valueRequired":true,"valueName":"search_term_string"}}],"inLanguage":"es"}]}},"_links":{"self":[{"href":"https:\/\/www.iantaylor.com\/es\/wp-json\/wp\/v2\/pages\/17","targetHints":{"allow":["GET"]}}],"collection":[{"href":"https:\/\/www.iantaylor.com\/es\/wp-json\/wp\/v2\/pages"}],"about":[{"href":"https:\/\/www.iantaylor.com\/es\/wp-json\/wp\/v2\/types\/page"}],"author":[{"embeddable":true,"href":"https:\/\/www.iantaylor.com\/es\/wp-json\/wp\/v2\/users\/1"}],"replies":[{"embeddable":true,"href":"https:\/\/www.iantaylor.com\/es\/wp-json\/wp\/v2\/comments?post=17"}],"version-history":[{"count":15,"href":"https:\/\/www.iantaylor.com\/es\/wp-json\/wp\/v2\/pages\/17\/revisions"}],"predecessor-version":[{"id":1398,"href":"https:\/\/www.iantaylor.com\/es\/wp-json\/wp\/v2\/pages\/17\/revisions\/1398"}],"wp:featuredmedia":[{"embeddable":true,"href":"https:\/\/www.iantaylor.com\/es\/wp-json\/wp\/v2\/media\/517"}],"wp:attachment":[{"href":"https:\/\/www.iantaylor.com\/es\/wp-json\/wp\/v2\/media?parent=17"}],"curies":[{"name":"wp","href":"https:\/\/api.w.org\/{rel}","templated":true}]}}