{"id":328,"date":"2025-01-15T23:22:10","date_gmt":"2025-01-16T02:22:10","guid":{"rendered":"http:\/\/taylor.localhost\/?page_id=328"},"modified":"2025-08-12T20:37:47","modified_gmt":"2025-08-12T23:37:47","slug":"servicios-digitales","status":"publish","type":"page","link":"https:\/\/www.iantaylor.com\/es\/servicios-digitales\/","title":{"rendered":"Servicios Online"},"content":{"rendered":"","protected":false},"excerpt":{"rendered":"","protected":false},"author":1,"featured_media":331,"parent":0,"menu_order":0,"comment_status":"closed","ping_status":"closed","template":"templates\/template-digital-service.php","meta":{"_acf_changed":false,"inline_featured_image":false,"footnotes":""},"class_list":["post-328","page","type-page","status-publish","has-post-thumbnail","hentry"],"acf":[],"yoast_head":"<!-- This site is optimized with the Yoast SEO plugin v25.5 - https:\/\/yoast.com\/wordpress\/plugins\/seo\/ -->\n<title>Servicios Online -<\/title>\n<meta name=\"robots\" content=\"index, follow, max-snippet:-1, max-image-preview:large, max-video-preview:-1\" \/>\n<link rel=\"canonical\" href=\"https:\/\/www.iantaylor.com\/servicios-digitales\/\" \/>\n<meta property=\"og:locale\" content=\"es_ES\" \/>\n<meta property=\"og:type\" content=\"article\" \/>\n<meta property=\"og:title\" content=\"Servicios Online -\" \/>\n<meta property=\"og:url\" content=\"https:\/\/www.iantaylor.com\/servicios-digitales\/\" \/>\n<meta property=\"og:site_name\" content=\"Empresas Taylor\" \/>\n<meta property=\"article:modified_time\" content=\"2025-08-12T23:37:47+00:00\" \/>\n<meta property=\"og:image\" content=\"https:\/\/www.iantaylor.com\/app\/uploads\/2025\/01\/8cee13accb9643d5a5674a8c7a2b1c70-1.jpg\" \/>\n\t<meta property=\"og:image:width\" content=\"1500\" \/>\n\t<meta property=\"og:image:height\" content=\"1125\" \/>\n\t<meta property=\"og:image:type\" content=\"image\/jpeg\" \/>\n<meta name=\"twitter:card\" content=\"summary_large_image\" \/>\n<meta name=\"twitter:label1\" content=\"Tiempo de lectura\" \/>\n\t<meta name=\"twitter:data1\" content=\"1 minuto\" \/>\n<!-- \/ Yoast SEO plugin. -->","yoast_head_json":{"title":"Servicios Online -","robots":{"index":"index","follow":"follow","max-snippet":"max-snippet:-1","max-image-preview":"max-image-preview:large","max-video-preview":"max-video-preview:-1"},"canonical":"https:\/\/www.iantaylor.com\/servicios-digitales\/","og_locale":"es_ES","og_type":"article","og_title":"Servicios Online -","og_url":"https:\/\/www.iantaylor.com\/servicios-digitales\/","og_site_name":"Empresas Taylor","article_modified_time":"2025-08-12T23:37:47+00:00","og_image":[{"width":1500,"height":1125,"url":"https:\/\/www.iantaylor.com\/app\/uploads\/2025\/01\/8cee13accb9643d5a5674a8c7a2b1c70-1.jpg","type":"image\/jpeg"}],"twitter_card":"summary_large_image","twitter_misc":{"Tiempo de lectura":"1 minuto"},"schema":{"@context":"https:\/\/schema.org","@graph":[{"@type":"WebPage","@id":"https:\/\/www.iantaylor.com\/servicios-digitales\/","url":"https:\/\/www.iantaylor.com\/servicios-digitales\/","name":"Servicios Online -","isPartOf":{"@id":"https:\/\/www.iantaylor.com\/#website"},"primaryImageOfPage":{"@id":"https:\/\/www.iantaylor.com\/servicios-digitales\/#primaryimage"},"image":{"@id":"https:\/\/www.iantaylor.com\/servicios-digitales\/#primaryimage"},"thumbnailUrl":"https:\/\/www.iantaylor.com\/app\/uploads\/2025\/01\/8cee13accb9643d5a5674a8c7a2b1c70-1.jpg","datePublished":"2025-01-16T02:22:10+00:00","dateModified":"2025-08-12T23:37:47+00:00","breadcrumb":{"@id":"https:\/\/www.iantaylor.com\/servicios-digitales\/#breadcrumb"},"inLanguage":"es","potentialAction":[{"@type":"ReadAction","target":["https:\/\/www.iantaylor.com\/servicios-digitales\/"]}]},{"@type":"ImageObject","inLanguage":"es","@id":"https:\/\/www.iantaylor.com\/servicios-digitales\/#primaryimage","url":"https:\/\/www.iantaylor.com\/app\/uploads\/2025\/01\/8cee13accb9643d5a5674a8c7a2b1c70-1.jpg","contentUrl":"https:\/\/www.iantaylor.com\/app\/uploads\/2025\/01\/8cee13accb9643d5a5674a8c7a2b1c70-1.jpg","width":1500,"height":1125},{"@type":"BreadcrumbList","@id":"https:\/\/www.iantaylor.com\/servicios-digitales\/#breadcrumb","itemListElement":[{"@type":"ListItem","position":1,"name":"Home","item":"https:\/\/www.iantaylor.com\/"},{"@type":"ListItem","position":2,"name":"Servicios Online"}]},{"@type":"WebSite","@id":"https:\/\/www.iantaylor.com\/#website","url":"https:\/\/www.iantaylor.com\/","name":"Ian Taylor","description":"Con m\u00e1s de medio siglo conectando la log\u00edstica mar\u00edtima con excelencia y experiencia","potentialAction":[{"@type":"SearchAction","target":{"@type":"EntryPoint","urlTemplate":"https:\/\/www.iantaylor.com\/?s={search_term_string}"},"query-input":{"@type":"PropertyValueSpecification","valueRequired":true,"valueName":"search_term_string"}}],"inLanguage":"es"}]}},"_links":{"self":[{"href":"https:\/\/www.iantaylor.com\/es\/wp-json\/wp\/v2\/pages\/328","targetHints":{"allow":["GET"]}}],"collection":[{"href":"https:\/\/www.iantaylor.com\/es\/wp-json\/wp\/v2\/pages"}],"about":[{"href":"https:\/\/www.iantaylor.com\/es\/wp-json\/wp\/v2\/types\/page"}],"author":[{"embeddable":true,"href":"https:\/\/www.iantaylor.com\/es\/wp-json\/wp\/v2\/users\/1"}],"replies":[{"embeddable":true,"href":"https:\/\/www.iantaylor.com\/es\/wp-json\/wp\/v2\/comments?post=328"}],"version-history":[{"count":5,"href":"https:\/\/www.iantaylor.com\/es\/wp-json\/wp\/v2\/pages\/328\/revisions"}],"predecessor-version":[{"id":1716,"href":"https:\/\/www.iantaylor.com\/es\/wp-json\/wp\/v2\/pages\/328\/revisions\/1716"}],"wp:featuredmedia":[{"embeddable":true,"href":"https:\/\/www.iantaylor.com\/es\/wp-json\/wp\/v2\/media\/331"}],"wp:attachment":[{"href":"https:\/\/www.iantaylor.com\/es\/wp-json\/wp\/v2\/media?parent=328"}],"curies":[{"name":"wp","href":"https:\/\/api.w.org\/{rel}","templated":true}]}}