{"id":373,"date":"2025-01-16T23:18:50","date_gmt":"2025-01-17T02:18:50","guid":{"rendered":"http:\/\/taylor.localhost\/?page_id=373"},"modified":"2025-12-17T15:20:28","modified_gmt":"2025-12-17T18:20:28","slug":"informaciones-relevantes","status":"publish","type":"page","link":"https:\/\/www.iantaylor.com\/es\/informaciones-relevantes\/","title":{"rendered":"Informaciones Relevantes"},"content":{"rendered":"","protected":false},"excerpt":{"rendered":"","protected":false},"author":1,"featured_media":868,"parent":0,"menu_order":0,"comment_status":"closed","ping_status":"closed","template":"templates\/template-listado-paises.php","meta":{"_acf_changed":false,"inline_featured_image":false,"footnotes":""},"class_list":["post-373","page","type-page","status-publish","has-post-thumbnail","hentry"],"acf":[],"yoast_head":"<!-- This site is optimized with the Yoast SEO plugin v25.5 - https:\/\/yoast.com\/wordpress\/plugins\/seo\/ -->\n<title>Informaciones Relevantes -<\/title>\n<meta name=\"robots\" content=\"index, follow, max-snippet:-1, max-image-preview:large, max-video-preview:-1\" \/>\n<link rel=\"canonical\" href=\"https:\/\/www.iantaylor.com\/informaciones-relevantes\/\" \/>\n<meta property=\"og:locale\" content=\"es_ES\" \/>\n<meta property=\"og:type\" content=\"article\" \/>\n<meta property=\"og:title\" content=\"Informaciones Relevantes -\" \/>\n<meta property=\"og:url\" content=\"https:\/\/www.iantaylor.com\/informaciones-relevantes\/\" \/>\n<meta property=\"og:site_name\" content=\"Empresas Taylor\" \/>\n<meta property=\"article:modified_time\" content=\"2025-12-17T18:20:28+00:00\" \/>\n<meta property=\"og:image\" content=\"https:\/\/www.iantaylor.com\/app\/uploads\/2025\/03\/imagen-sostenibilidad-ian-taylor.jpg\" \/>\n\t<meta property=\"og:image:width\" content=\"1654\" \/>\n\t<meta property=\"og:image:height\" content=\"930\" \/>\n\t<meta property=\"og:image:type\" content=\"image\/jpeg\" \/>\n<meta name=\"twitter:card\" content=\"summary_large_image\" \/>\n<meta name=\"twitter:label1\" content=\"Tiempo de lectura\" \/>\n\t<meta name=\"twitter:data1\" content=\"1 minuto\" \/>\n<!-- \/ Yoast SEO plugin. -->","yoast_head_json":{"title":"Informaciones Relevantes -","robots":{"index":"index","follow":"follow","max-snippet":"max-snippet:-1","max-image-preview":"max-image-preview:large","max-video-preview":"max-video-preview:-1"},"canonical":"https:\/\/www.iantaylor.com\/informaciones-relevantes\/","og_locale":"es_ES","og_type":"article","og_title":"Informaciones Relevantes -","og_url":"https:\/\/www.iantaylor.com\/informaciones-relevantes\/","og_site_name":"Empresas Taylor","article_modified_time":"2025-12-17T18:20:28+00:00","og_image":[{"width":1654,"height":930,"url":"https:\/\/www.iantaylor.com\/app\/uploads\/2025\/03\/imagen-sostenibilidad-ian-taylor.jpg","type":"image\/jpeg"}],"twitter_card":"summary_large_image","twitter_misc":{"Tiempo de lectura":"1 minuto"},"schema":{"@context":"https:\/\/schema.org","@graph":[{"@type":"WebPage","@id":"https:\/\/www.iantaylor.com\/informaciones-relevantes\/","url":"https:\/\/www.iantaylor.com\/informaciones-relevantes\/","name":"Informaciones Relevantes -","isPartOf":{"@id":"https:\/\/www.iantaylor.com\/#website"},"primaryImageOfPage":{"@id":"https:\/\/www.iantaylor.com\/informaciones-relevantes\/#primaryimage"},"image":{"@id":"https:\/\/www.iantaylor.com\/informaciones-relevantes\/#primaryimage"},"thumbnailUrl":"https:\/\/www.iantaylor.com\/app\/uploads\/2025\/03\/imagen-sostenibilidad-ian-taylor.jpg","datePublished":"2025-01-17T02:18:50+00:00","dateModified":"2025-12-17T18:20:28+00:00","breadcrumb":{"@id":"https:\/\/www.iantaylor.com\/informaciones-relevantes\/#breadcrumb"},"inLanguage":"es","potentialAction":[{"@type":"ReadAction","target":["https:\/\/www.iantaylor.com\/informaciones-relevantes\/"]}]},{"@type":"ImageObject","inLanguage":"es","@id":"https:\/\/www.iantaylor.com\/informaciones-relevantes\/#primaryimage","url":"https:\/\/www.iantaylor.com\/app\/uploads\/2025\/03\/imagen-sostenibilidad-ian-taylor.jpg","contentUrl":"https:\/\/www.iantaylor.com\/app\/uploads\/2025\/03\/imagen-sostenibilidad-ian-taylor.jpg","width":1654,"height":930,"caption":"Aerial view container ship, Carrying container for import export business logistic and transportation of International by freight cargo ship in the open sea."},{"@type":"BreadcrumbList","@id":"https:\/\/www.iantaylor.com\/informaciones-relevantes\/#breadcrumb","itemListElement":[{"@type":"ListItem","position":1,"name":"Home","item":"https:\/\/www.iantaylor.com\/"},{"@type":"ListItem","position":2,"name":"Informaciones Relevantes"}]},{"@type":"WebSite","@id":"https:\/\/www.iantaylor.com\/#website","url":"https:\/\/www.iantaylor.com\/","name":"Ian Taylor","description":"Con m\u00e1s de medio siglo conectando la log\u00edstica mar\u00edtima con excelencia y experiencia","potentialAction":[{"@type":"SearchAction","target":{"@type":"EntryPoint","urlTemplate":"https:\/\/www.iantaylor.com\/?s={search_term_string}"},"query-input":{"@type":"PropertyValueSpecification","valueRequired":true,"valueName":"search_term_string"}}],"inLanguage":"es"}]}},"_links":{"self":[{"href":"https:\/\/www.iantaylor.com\/es\/wp-json\/wp\/v2\/pages\/373","targetHints":{"allow":["GET"]}}],"collection":[{"href":"https:\/\/www.iantaylor.com\/es\/wp-json\/wp\/v2\/pages"}],"about":[{"href":"https:\/\/www.iantaylor.com\/es\/wp-json\/wp\/v2\/types\/page"}],"author":[{"embeddable":true,"href":"https:\/\/www.iantaylor.com\/es\/wp-json\/wp\/v2\/users\/1"}],"replies":[{"embeddable":true,"href":"https:\/\/www.iantaylor.com\/es\/wp-json\/wp\/v2\/comments?post=373"}],"version-history":[{"count":13,"href":"https:\/\/www.iantaylor.com\/es\/wp-json\/wp\/v2\/pages\/373\/revisions"}],"predecessor-version":[{"id":2495,"href":"https:\/\/www.iantaylor.com\/es\/wp-json\/wp\/v2\/pages\/373\/revisions\/2495"}],"wp:featuredmedia":[{"embeddable":true,"href":"https:\/\/www.iantaylor.com\/es\/wp-json\/wp\/v2\/media\/868"}],"wp:attachment":[{"href":"https:\/\/www.iantaylor.com\/es\/wp-json\/wp\/v2\/media?parent=373"}],"curies":[{"name":"wp","href":"https:\/\/api.w.org\/{rel}","templated":true}]}}